{"id":158,"date":"2024-12-20T14:39:30","date_gmt":"2024-12-20T14:39:30","guid":{"rendered":"https:\/\/universopetshow.com.br\/?page_id=158"},"modified":"2025-01-07T13:35:30","modified_gmt":"2025-01-07T13:35:30","slug":"a-empresa","status":"publish","type":"page","link":"https:\/\/universopetshow.com.br\/?page_id=158","title":{"rendered":"A Empresa"},"content":{"rendered":"\t\t<div data-elementor-type=\"wp-post\" data-elementor-id=\"158\" class=\"elementor elementor-158\">\n\t\t\t\t<div class=\"elementor-element elementor-element-7c1e0b9 e-flex e-con-boxed e-con e-parent\" data-id=\"7c1e0b9\" data-element_type=\"container\" data-settings=\"{&quot;background_background&quot;:&quot;gradient&quot;}\">\n\t\t\t\t\t<div class=\"e-con-inner\">\n\t\t<div class=\"elementor-element elementor-element-edd70a4 e-con-full e-flex e-con e-child\" data-id=\"edd70a4\" data-element_type=\"container\">\n\t\t\t\t<div class=\"elementor-element elementor-element-dcdcb1b elementor-widget elementor-widget-heading\" data-id=\"dcdcb1b\" data-element_type=\"widget\" data-widget_type=\"heading.default\">\n\t\t\t\t<div class=\"elementor-widget-container\">\n\t\t\t\t\t<h1 class=\"elementor-heading-title elementor-size-default\">Sobre N\u00f3s<\/h1>\t\t\t\t<\/div>\n\t\t\t\t<\/div>\n\t\t\t\t<\/div>\n\t\t\t\t\t<\/div>\n\t\t\t\t<\/div>\n\t\t<div class=\"elementor-element elementor-element-ecbb615 e-flex e-con-boxed e-con e-parent\" data-id=\"ecbb615\" data-element_type=\"container\" data-settings=\"{&quot;background_background&quot;:&quot;classic&quot;}\">\n\t\t\t\t\t<div class=\"e-con-inner\">\n\t\t<div class=\"elementor-element elementor-element-5a516e2 e-con-full e-flex e-con e-child\" data-id=\"5a516e2\" data-element_type=\"container\">\n\t\t\t\t<div class=\"elementor-element elementor-element-a7f0f3a elementor-widget elementor-widget-heading\" data-id=\"a7f0f3a\" data-element_type=\"widget\" data-widget_type=\"heading.default\">\n\t\t\t\t<div class=\"elementor-widget-container\">\n\t\t\t\t\t<h4 class=\"elementor-heading-title elementor-size-default\">Fundado em novembro de 2019 no bairro Santa Martha, em Vit\u00f3ria - ES, o Universo Pet Show nasceu com o prop\u00f3sito de oferecer um cuidado diferenciado e completo para os pets. Com a expans\u00e3o de nossos servi\u00e7os, inauguramos nossa segunda loja em Jardim Camburi, em junho de 2021, ampliando ainda mais nossa miss\u00e3o de atender os tutores e seus companheiros com excel\u00eancia.<\/h4>\t\t\t\t<\/div>\n\t\t\t\t<\/div>\n\t\t\t\t<div class=\"elementor-element elementor-element-229dc55 elementor-widget elementor-widget-heading\" data-id=\"229dc55\" data-element_type=\"widget\" data-widget_type=\"heading.default\">\n\t\t\t\t<div class=\"elementor-widget-container\">\n\t\t\t\t\t<h4 class=\"elementor-heading-title elementor-size-default\">Oferecemos servi\u00e7os como banho e tosa, t\u00e1xi dog e consult\u00f3rio veterin\u00e1rio, al\u00e9m de uma ampla variedade de produtos, incluindo ra\u00e7\u00f5es, medicamentos e acess\u00f3rios pet. Nosso objetivo \u00e9 garantir o bem-estar e a felicidade dos pets, sempre priorizando a qualidade e o carinho em cada atendimento.<\/h4>\t\t\t\t<\/div>\n\t\t\t\t<\/div>\n\t\t\t\t<\/div>\n\t\t<div class=\"elementor-element elementor-element-f445ee2 e-con-full e-flex e-con e-child\" data-id=\"f445ee2\" data-element_type=\"container\">\n\t\t\t\t<div class=\"elementor-element elementor-element-db4e77d elementor-widget elementor-widget-image\" data-id=\"db4e77d\" data-element_type=\"widget\" data-widget_type=\"image.default\">\n\t\t\t\t<div class=\"elementor-widget-container\">\n\t\t\t\t\t\t\t\t\t\t\t\t\t\t\t<img fetchpriority=\"high\" decoding=\"async\" width=\"2000\" height=\"2000\" src=\"https:\/\/universopetshow.com.br\/wp-content\/uploads\/2024\/12\/dog-with-paw-air-with-paw-up-air.png\" class=\"attachment-full size-full wp-image-25669\" alt=\"\" srcset=\"https:\/\/universopetshow.com.br\/wp-content\/uploads\/2024\/12\/dog-with-paw-air-with-paw-up-air.png 2000w, https:\/\/universopetshow.com.br\/wp-content\/uploads\/2024\/12\/dog-with-paw-air-with-paw-up-air-300x300.png 300w, https:\/\/universopetshow.com.br\/wp-content\/uploads\/2024\/12\/dog-with-paw-air-with-paw-up-air-1024x1024.png 1024w, https:\/\/universopetshow.com.br\/wp-content\/uploads\/2024\/12\/dog-with-paw-air-with-paw-up-air-150x150.png 150w, https:\/\/universopetshow.com.br\/wp-content\/uploads\/2024\/12\/dog-with-paw-air-with-paw-up-air-768x768.png 768w, https:\/\/universopetshow.com.br\/wp-content\/uploads\/2024\/12\/dog-with-paw-air-with-paw-up-air-1536x1536.png 1536w, https:\/\/universopetshow.com.br\/wp-content\/uploads\/2024\/12\/dog-with-paw-air-with-paw-up-air-600x600.png 600w, https:\/\/universopetshow.com.br\/wp-content\/uploads\/2024\/12\/dog-with-paw-air-with-paw-up-air-100x100.png 100w\" sizes=\"(max-width: 2000px) 100vw, 2000px\" \/>\t\t\t\t\t\t\t\t\t\t\t\t\t\t\t<\/div>\n\t\t\t\t<\/div>\n\t\t\t\t<\/div>\n\t\t\t\t\t<\/div>\n\t\t\t\t<\/div>\n\t\t<div class=\"elementor-element elementor-element-fc53d47 e-flex e-con-boxed e-con e-parent\" data-id=\"fc53d47\" data-element_type=\"container\" data-settings=\"{&quot;background_background&quot;:&quot;classic&quot;}\">\n\t\t\t\t\t<div class=\"e-con-inner\">\n\t\t<div class=\"elementor-element elementor-element-b560cab e-con-full e-flex e-con e-child\" data-id=\"b560cab\" data-element_type=\"container\">\n\t\t\t\t<div class=\"elementor-element elementor-element-48c155c elementor-widget elementor-widget-heading\" data-id=\"48c155c\" data-element_type=\"widget\" data-widget_type=\"heading.default\">\n\t\t\t\t<div class=\"elementor-widget-container\">\n\t\t\t\t\t<h3 class=\"elementor-heading-title elementor-size-default\">Nossa Miss\u00e3o<\/h3>\t\t\t\t<\/div>\n\t\t\t\t<\/div>\n\t\t\t\t<div class=\"elementor-element elementor-element-7a9049f elementor-widget elementor-widget-heading\" data-id=\"7a9049f\" data-element_type=\"widget\" data-widget_type=\"heading.default\">\n\t\t\t\t<div class=\"elementor-widget-container\">\n\t\t\t\t\t<h4 class=\"elementor-heading-title elementor-size-default\">Promover o bem-estar dos pets e a tranquilidade dos tutores, oferecendo servi\u00e7os e produtos de alta qualidade, aliados a um atendimento humanizado, profissional e repleto de amor pelos animais.<\/h4>\t\t\t\t<\/div>\n\t\t\t\t<\/div>\n\t\t\t\t<\/div>\n\t\t<div class=\"elementor-element elementor-element-dac9cb2 e-con-full e-flex e-con e-child\" data-id=\"dac9cb2\" data-element_type=\"container\">\n\t\t\t\t<div class=\"elementor-element elementor-element-518c361 elementor-widget elementor-widget-heading\" data-id=\"518c361\" data-element_type=\"widget\" data-widget_type=\"heading.default\">\n\t\t\t\t<div class=\"elementor-widget-container\">\n\t\t\t\t\t<h3 class=\"elementor-heading-title elementor-size-default\">Nossa Vis\u00e3o<\/h3>\t\t\t\t<\/div>\n\t\t\t\t<\/div>\n\t\t\t\t<div class=\"elementor-element elementor-element-3e95d43 elementor-widget elementor-widget-heading\" data-id=\"3e95d43\" data-element_type=\"widget\" data-widget_type=\"heading.default\">\n\t\t\t\t<div class=\"elementor-widget-container\">\n\t\t\t\t\t<h4 class=\"elementor-heading-title elementor-size-default\">Ser a refer\u00eancia em cuidados e produtos pet em Vit\u00f3ria - ES, reconhecida por nosso compromisso com a sa\u00fade e a felicidade dos animais, expandindo nossa atua\u00e7\u00e3o e conquistando a confian\u00e7a de tutores em toda a regi\u00e3o.<\/h4>\t\t\t\t<\/div>\n\t\t\t\t<\/div>\n\t\t\t\t<\/div>\n\t\t<div class=\"elementor-element elementor-element-b699f1b e-con-full e-flex e-con e-child\" data-id=\"b699f1b\" data-element_type=\"container\">\n\t\t\t\t<div class=\"elementor-element elementor-element-e62ffb2 elementor-widget elementor-widget-heading\" data-id=\"e62ffb2\" data-element_type=\"widget\" data-widget_type=\"heading.default\">\n\t\t\t\t<div class=\"elementor-widget-container\">\n\t\t\t\t\t<h3 class=\"elementor-heading-title elementor-size-default\">Nossos Valores<\/h3>\t\t\t\t<\/div>\n\t\t\t\t<\/div>\n\t\t\t\t<div class=\"elementor-element elementor-element-0e688cd elementor-widget elementor-widget-heading\" data-id=\"0e688cd\" data-element_type=\"widget\" data-widget_type=\"heading.default\">\n\t\t\t\t<div class=\"elementor-widget-container\">\n\t\t\t\t\t<h4 class=\"elementor-heading-title elementor-size-default\"><b>Amor pelos Animais<\/b>: Cuidamos de cada pet como se fosse da nossa pr\u00f3pria fam\u00edlia.<\/h4>\t\t\t\t<\/div>\n\t\t\t\t<\/div>\n\t\t\t\t<div class=\"elementor-element elementor-element-59cb910 elementor-widget elementor-widget-heading\" data-id=\"59cb910\" data-element_type=\"widget\" data-widget_type=\"heading.default\">\n\t\t\t\t<div class=\"elementor-widget-container\">\n\t\t\t\t\t<h4 class=\"elementor-heading-title elementor-size-default\"><b>Excel\u00eancia no Atendimento<\/b>: Priorizar a qualidade em todos os servi\u00e7os e produtos oferecidos.<\/h4>\t\t\t\t<\/div>\n\t\t\t\t<\/div>\n\t\t\t\t<div class=\"elementor-element elementor-element-6e840ce elementor-widget elementor-widget-heading\" data-id=\"6e840ce\" data-element_type=\"widget\" data-widget_type=\"heading.default\">\n\t\t\t\t<div class=\"elementor-widget-container\">\n\t\t\t\t\t<h4 class=\"elementor-heading-title elementor-size-default\"><b>Empatia e Respeito<\/b>: Valorizar a rela\u00e7\u00e3o entre tutores e seus animais, entendendo suas necessidades.<\/h4>\t\t\t\t<\/div>\n\t\t\t\t<\/div>\n\t\t\t\t<div class=\"elementor-element elementor-element-6fcc324 elementor-widget elementor-widget-heading\" data-id=\"6fcc324\" data-element_type=\"widget\" data-widget_type=\"heading.default\">\n\t\t\t\t<div class=\"elementor-widget-container\">\n\t\t\t\t\t<h4 class=\"elementor-heading-title elementor-size-default\"><b>Sustentabilidade<\/b>: Contribuir para um mundo mais verde, adotando pr\u00e1ticas conscientes em nosso dia a dia.<\/h4>\t\t\t\t<\/div>\n\t\t\t\t<\/div>\n\t\t\t\t<div class=\"elementor-element elementor-element-4d32459 elementor-widget elementor-widget-heading\" data-id=\"4d32459\" data-element_type=\"widget\" data-widget_type=\"heading.default\">\n\t\t\t\t<div class=\"elementor-widget-container\">\n\t\t\t\t\t<h4 class=\"elementor-heading-title elementor-size-default\">C<b>ompromisso<\/b>: Agir com \u00e9tica, responsabilidade e dedica\u00e7\u00e3o em todas as intera\u00e7\u00f5es com nossos clientes e parceiros.<\/h4>\t\t\t\t<\/div>\n\t\t\t\t<\/div>\n\t\t\t\t<\/div>\n\t\t\t\t\t<\/div>\n\t\t\t\t<\/div>\n\t\t\t\t<\/div>\n\t\t","protected":false},"excerpt":{"rendered":"<p>Sobre N\u00f3s Fundado em novembro de 2019 no bairro Santa Martha, em Vit\u00f3ria &#8211; ES, o Universo Pet Show nasceu com o prop\u00f3sito de oferecer um cuidado diferenciado e completo para os pets. Com a expans\u00e3o de nossos servi\u00e7os, inauguramos nossa segunda loja em Jardim Camburi, em junho de 2021, ampliando ainda mais nossa miss\u00e3o [&hellip;]<\/p>\n","protected":false},"author":1,"featured_media":0,"parent":0,"menu_order":0,"comment_status":"closed","ping_status":"closed","template":"elementor_header_footer","meta":{"site-sidebar-layout":"no-sidebar","site-content-layout":"page-builder","ast-site-content-layout":"","site-content-style":"default","site-sidebar-style":"default","ast-global-header-display":"","ast-banner-title-visibility":"","ast-main-header-display":"","ast-hfb-above-header-display":"","ast-hfb-below-header-display":"","ast-hfb-mobile-header-display":"","site-post-title":"disabled","ast-breadcrumbs-content":"","ast-featured-img":"disabled","footer-sml-layout":"","theme-transparent-header-meta":"enabled","adv-header-id-meta":"","stick-header-meta":"","header-above-stick-meta":"","header-main-stick-meta":"","header-below-stick-meta":"","astra-migrate-meta-layouts":"default","ast-page-background-enabled":"default","ast-page-background-meta":{"desktop":{"background-color":"","background-image":"","background-repeat":"repeat","background-position":"center center","background-size":"auto","background-attachment":"scroll","background-type":"","background-media":"","overlay-type":"","overlay-color":"","overlay-opacity":"","overlay-gradient":""},"tablet":{"background-color":"","background-image":"","background-repeat":"repeat","background-position":"center center","background-size":"auto","background-attachment":"scroll","background-type":"","background-media":"","overlay-type":"","overlay-color":"","overlay-opacity":"","overlay-gradient":""},"mobile":{"background-color":"","background-image":"","background-repeat":"repeat","background-position":"center center","background-size":"auto","background-attachment":"scroll","background-type":"","background-media":"","overlay-type":"","overlay-color":"","overlay-opacity":"","overlay-gradient":""}},"ast-content-background-meta":{"desktop":{"background-color":"var(--ast-global-color-5)","background-image":"","background-repeat":"repeat","background-position":"center center","background-size":"auto","background-attachment":"scroll","background-type":"","background-media":"","overlay-type":"","overlay-color":"","overlay-opacity":"","overlay-gradient":""},"tablet":{"background-color":"var(--ast-global-color-5)","background-image":"","background-repeat":"repeat","background-position":"center center","background-size":"auto","background-attachment":"scroll","background-type":"","background-media":"","overlay-type":"","overlay-color":"","overlay-opacity":"","overlay-gradient":""},"mobile":{"background-color":"var(--ast-global-color-5)","background-image":"","background-repeat":"repeat","background-position":"center center","background-size":"auto","background-attachment":"scroll","background-type":"","background-media":"","overlay-type":"","overlay-color":"","overlay-opacity":"","overlay-gradient":""}},"footnotes":""},"class_list":["post-158","page","type-page","status-publish","hentry"],"_links":{"self":[{"href":"https:\/\/universopetshow.com.br\/index.php?rest_route=\/wp\/v2\/pages\/158","targetHints":{"allow":["GET"]}}],"collection":[{"href":"https:\/\/universopetshow.com.br\/index.php?rest_route=\/wp\/v2\/pages"}],"about":[{"href":"https:\/\/universopetshow.com.br\/index.php?rest_route=\/wp\/v2\/types\/page"}],"author":[{"embeddable":true,"href":"https:\/\/universopetshow.com.br\/index.php?rest_route=\/wp\/v2\/users\/1"}],"replies":[{"embeddable":true,"href":"https:\/\/universopetshow.com.br\/index.php?rest_route=%2Fwp%2Fv2%2Fcomments&post=158"}],"version-history":[{"count":22,"href":"https:\/\/universopetshow.com.br\/index.php?rest_route=\/wp\/v2\/pages\/158\/revisions"}],"predecessor-version":[{"id":25931,"href":"https:\/\/universopetshow.com.br\/index.php?rest_route=\/wp\/v2\/pages\/158\/revisions\/25931"}],"wp:attachment":[{"href":"https:\/\/universopetshow.com.br\/index.php?rest_route=%2Fwp%2Fv2%2Fmedia&parent=158"}],"curies":[{"name":"wp","href":"https:\/\/api.w.org\/{rel}","templated":true}]}}